{"id":255,"date":"2017-06-07T12:51:15","date_gmt":"2017-06-07T11:51:15","guid":{"rendered":"http:\/\/source-originel.fr\/?page_id=255"},"modified":"2018-06-26T13:26:29","modified_gmt":"2018-06-26T12:26:29","slug":"atelier","status":"publish","type":"page","link":"http:\/\/source-originel.fr\/index.php\/atelier\/","title":{"rendered":"Atelier"},"content":{"rendered":"<p>[et_pb_section fb_built=\u00a0\u00bb1&Prime; admin_label=\u00a0\u00bbsection\u00a0\u00bb _builder_version=\u00a0\u00bb3.0.47&Prime;][et_pb_row admin_label=\u00a0\u00bbLigne\u00a0\u00bb _builder_version=\u00a0\u00bb3.0.48&Prime; background_size=\u00a0\u00bbinitial\u00a0\u00bb background_position=\u00a0\u00bbtop_left\u00a0\u00bb background_repeat=\u00a0\u00bbrepeat\u00a0\u00bb][et_pb_column type=\u00a0\u00bb1_2&Prime; _builder_version=\u00a0\u00bb3.0.47&Prime; parallax=\u00a0\u00bboff\u00a0\u00bb parallax_method=\u00a0\u00bbon\u00a0\u00bb][et_pb_gallery gallery_ids=\u00a0\u00bb366,367,368,369,370,371,372,373,374,375,376,377,378,379,380&Prime; fullwidth=\u00a0\u00bbon\u00a0\u00bb admin_label=\u00a0\u00bbGalerie\u00a0\u00bb _builder_version=\u00a0\u00bb3.0.47&Prime; auto=\u00a0\u00bbon\u00a0\u00bb auto_speed=\u00a0\u00bb2000&Prime;][\/et_pb_gallery][\/et_pb_column][et_pb_column type=\u00a0\u00bb1_2&Prime; _builder_version=\u00a0\u00bb3.0.47&Prime; parallax=\u00a0\u00bboff\u00a0\u00bb parallax_method=\u00a0\u00bbon\u00a0\u00bb][et_pb_text admin_label=\u00a0\u00bbTexte\u00a0\u00bb _builder_version=\u00a0\u00bb3.0.74&Prime; background_size=\u00a0\u00bbinitial\u00a0\u00bb background_position=\u00a0\u00bbtop_left\u00a0\u00bb background_repeat=\u00a0\u00bbrepeat\u00a0\u00bb]<\/p>\n<p><span style=\"font-size: 14px; font-family: 'Times New Roman', serif; line-height: 1.7em;\">\u0298<\/span>rigiNel vous propose un bel espace Atelier d&rsquo;environ 25 m2 plus sa terrasse !<\/p>\n<p>Disponible sur r\u00e9servation pour organiser vos s\u00e9minaires, stages, conf\u00e9rences et bien d&rsquo;autres \u00e9v\u00e9nements, vous pourrez y trouver :<br \/> &#8211; 10 tapis de sol m\u00e9moire de forme,<br \/> &#8211; Une tonne de coussins,<br \/> &#8211; Une dizaine de plaids<br \/> &#8211; Une machine \u00e0 caf\u00e9, une bouilloire et tout ce qui vous permettra de faire une pause Caf\u00e9\/Th\u00e9 au top<br \/> &#8211; Un tableau blanc et ses stylos,<br \/> &#8211; Un tableau noir et ses craies,<br \/> &#8211; Un WC-douche ind\u00e9pendant,<br \/> &#8211; Un canap\u00e9 au del\u00e0 de vos esp\u00e9rances pour passer un moment agr\u00e9able&#8230;<\/p>\n<p>TARIFS<br \/> 1h : 25 euros<br \/> 1\/2 journ\u00e9e : 50 euros<br \/> 1 journ\u00e9e : 80 euros<br \/> 2 journ\u00e9es en semaine ou le WE : 120 euros<br \/> 1 Soir\u00e9e : 50 euros<\/p>\n<p>[\/et_pb_text][\/et_pb_column][\/et_pb_row][\/et_pb_section]<\/p>\n","protected":false},"excerpt":{"rendered":"<p>[et_pb_section fb_built=\u00a0\u00bb1&Prime; admin_label=\u00a0\u00bbsection\u00a0\u00bb _builder_version=\u00a0\u00bb3.0.47&Prime;][et_pb_row admin_label=\u00a0\u00bbLigne\u00a0\u00bb _builder_version=\u00a0\u00bb3.0.48&Prime; background_size=\u00a0\u00bbinitial\u00a0\u00bb background_position=\u00a0\u00bbtop_left\u00a0\u00bb background_repeat=\u00a0\u00bbrepeat\u00a0\u00bb][et_pb_column type=\u00a0\u00bb1_2&Prime; _builder_version=\u00a0\u00bb3.0.47&Prime; parallax=\u00a0\u00bboff\u00a0\u00bb parallax_method=\u00a0\u00bbon\u00a0\u00bb][et_pb_gallery gallery_ids=\u00a0\u00bb366,367,368,369,370,371,372,373,374,375,376,377,378,379,380&Prime; fullwidth=\u00a0\u00bbon\u00a0\u00bb admin_label=\u00a0\u00bbGalerie\u00a0\u00bb _builder_version=\u00a0\u00bb3.0.47&Prime; auto=\u00a0\u00bbon\u00a0\u00bb auto_speed=\u00a0\u00bb2000&Prime;][\/et_pb_gallery][\/et_pb_column][et_pb_column type=\u00a0\u00bb1_2&Prime; _builder_version=\u00a0\u00bb3.0.47&Prime; parallax=\u00a0\u00bboff\u00a0\u00bb parallax_method=\u00a0\u00bbon\u00a0\u00bb][et_pb_text admin_label=\u00a0\u00bbTexte\u00a0\u00bb _builder_version=\u00a0\u00bb3.0.74&Prime; background_size=\u00a0\u00bbinitial\u00a0\u00bb background_position=\u00a0\u00bbtop_left\u00a0\u00bb background_repeat=\u00a0\u00bbrepeat\u00a0\u00bb] \u0298rigiNel vous propose un bel espace Atelier d&rsquo;environ 25 m2 plus sa terrasse ! Disponible sur r\u00e9servation pour organiser vos s\u00e9minaires, stages, conf\u00e9rences et bien d&rsquo;autres \u00e9v\u00e9nements, [&hellip;]<\/p>\n","protected":false},"author":1,"featured_media":0,"parent":0,"menu_order":0,"comment_status":"closed","ping_status":"closed","template":"","meta":{"_et_pb_use_builder":"on","_et_pb_old_content":"","_et_gb_content_width":"","_mc_calendar":[]},"_links":{"self":[{"href":"http:\/\/source-originel.fr\/index.php\/wp-json\/wp\/v2\/pages\/255"}],"collection":[{"href":"http:\/\/source-originel.fr\/index.php\/wp-json\/wp\/v2\/pages"}],"about":[{"href":"http:\/\/source-originel.fr\/index.php\/wp-json\/wp\/v2\/types\/page"}],"author":[{"embeddable":true,"href":"http:\/\/source-originel.fr\/index.php\/wp-json\/wp\/v2\/users\/1"}],"replies":[{"embeddable":true,"href":"http:\/\/source-originel.fr\/index.php\/wp-json\/wp\/v2\/comments?post=255"}],"version-history":[{"count":11,"href":"http:\/\/source-originel.fr\/index.php\/wp-json\/wp\/v2\/pages\/255\/revisions"}],"predecessor-version":[{"id":1225,"href":"http:\/\/source-originel.fr\/index.php\/wp-json\/wp\/v2\/pages\/255\/revisions\/1225"}],"wp:attachment":[{"href":"http:\/\/source-originel.fr\/index.php\/wp-json\/wp\/v2\/media?parent=255"}],"curies":[{"name":"wp","href":"https:\/\/api.w.org\/{rel}","templated":true}]}}