{"id":137,"date":"2017-03-21T13:02:56","date_gmt":"2017-03-21T12:02:56","guid":{"rendered":"http:\/\/source-originel.fr\/?page_id=137"},"modified":"2018-06-19T14:00:29","modified_gmt":"2018-06-19T13:00:29","slug":"la-source-de-lettre","status":"publish","type":"page","link":"http:\/\/source-originel.fr\/index.php\/la-source-de-lettre\/","title":{"rendered":"La Source de Lettre"},"content":{"rendered":"<p>[et_pb_section fb_built=\u00a0\u00bb1&Prime; admin_label=\u00a0\u00bbsection\u00a0\u00bb _builder_version=\u00a0\u00bb3.0.47&Prime;][et_pb_row admin_label=\u00a0\u00bbLigne\u00a0\u00bb _builder_version=\u00a0\u00bb3.0.47&Prime; background_size=\u00a0\u00bbinitial\u00a0\u00bb background_position=\u00a0\u00bbtop_left\u00a0\u00bb background_repeat=\u00a0\u00bbrepeat\u00a0\u00bb][et_pb_column type=\u00a0\u00bb1_2&Prime; _builder_version=\u00a0\u00bb3.0.47&Prime; parallax=\u00a0\u00bboff\u00a0\u00bb parallax_method=\u00a0\u00bbon\u00a0\u00bb][et_pb_text admin_label=\u00a0\u00bbTexte\u00a0\u00bb _builder_version=\u00a0\u00bb3.0.74&Prime; text_text_color=\u00a0\u00bb#5d8092&Prime; text_font_size=\u00a0\u00bb26&Prime; header_font=\u00a0\u00bbVerdana||||\u00a0\u00bb header_text_color=\u00a0\u00bb#5d8092&Prime; background_size=\u00a0\u00bbinitial\u00a0\u00bb background_position=\u00a0\u00bbtop_left\u00a0\u00bb background_repeat=\u00a0\u00bbrepeat\u00a0\u00bb]&nbsp;<\/p>\n<p><span style=\"font-size: xx-large; font-family: 'Times New Roman', serif; line-height: 1.7em;\">\u0298<\/span>rigi<span style=\"font-size: x-large;\">N<\/span>el, La Source de Lettre !<br \/>\n[\/et_pb_text][et_pb_text admin_label=\u00a0\u00bbTexte\u00a0\u00bb _builder_version=\u00a0\u00bb3.0.74&Prime; text_font=\u00a0\u00bbVerdana||||\u00a0\u00bb text_text_color=\u00a0\u00bb#000000&Prime; header_font=\u00a0\u00bbVerdana||||\u00a0\u00bb background_size=\u00a0\u00bbinitial\u00a0\u00bb background_position=\u00a0\u00bbtop_left\u00a0\u00bb background_repeat=\u00a0\u00bbrepeat\u00a0\u00bb]<\/p>\n<p>Ce projet, au d\u00e9part, c\u2019est une id\u00e9e tenace que j\u2019ai eu, moi Virginie REGNAULT, 39 ans au jour o\u00f9 je vous \u00e9cris, il y a maintenant plusieurs ann\u00e9es et qui a mis son temps pour germer tranquillement dans ma t\u00eate et surtout dans mon coeur. Apr\u00e8s beaucoup d\u2019heures \u00e0 tout retranscrire, transformer et faire grandir, je suis ravie d\u2019avoir cette possibilit\u00e9 de le mettre enfin dans la mati\u00e8re et de pouvoir vous le faire partager !<br \/> Aujourd\u2019hui,\u00a0<span style=\"font-size: 14px; font-family: 'Times New Roman', serif; line-height: 1.7em;\">\u0298<\/span><span style=\"font-size: 14px; line-height: 1.7em;\">rigiNel, c\u2019est tout un monde\u2026 et c\u2019est surtout devenu\u00a0un tr\u00e8s beau projet personnel, familial, d&rsquo;amiti\u00e9s et surtout de belles rencontres.<\/span><\/p>\n<p>[\/et_pb_text][et_pb_text admin_label=\u00a0\u00bbTexte\u00a0\u00bb _builder_version=\u00a0\u00bb3.0.74&Prime; text_text_color=\u00a0\u00bb#5d8092&Prime; text_font_size=\u00a0\u00bb22&Prime; header_font=\u00a0\u00bbVerdana||||\u00a0\u00bb header_text_color=\u00a0\u00bb#5d8092&Prime; background_size=\u00a0\u00bbinitial\u00a0\u00bb background_position=\u00a0\u00bbtop_left\u00a0\u00bb background_repeat=\u00a0\u00bbrepeat\u00a0\u00bb]\u0298rigiNel&#8230;\u00a0Qu\u2019est-ce donc ?<br \/>\n[\/et_pb_text][et_pb_text admin_label=\u00a0\u00bbTexte\u00a0\u00bb _builder_version=\u00a0\u00bb3.0.74&Prime; text_font=\u00a0\u00bbVerdana||||\u00a0\u00bb text_text_color=\u00a0\u00bb#000000&Prime; header_font=\u00a0\u00bbVerdana||||\u00a0\u00bb background_size=\u00a0\u00bbinitial\u00a0\u00bb background_position=\u00a0\u00bbtop_left\u00a0\u00bb background_repeat=\u00a0\u00bbrepeat\u00a0\u00bb]Un concept dont l\u2019axe central est la cr\u00e9ation d\u2019un lieu magique d\u00e9di\u00e9 au monde de l\u2019\u00e9sot\u00e9risme et des m\u00e9tiers qui le composent. Vous pourrez ainsi nous rejoindre pour venir arpenter un bel espace de Boutique\/Librairie \u00e9sot\u00e9rique et d\u00e9couvrir, partager et apprendre, mais aussi siroter et grignoter, le tout dans une ambiance d\u00e9tendue et chaleureuse, \u00ab comme \u00e0 la maison \u00bb !<br \/>\nLe mot \u00ab\u00a0\u00e9sot\u00e9risme\u00a0\u00bb , comme m\u2019a bien r\u00e9sum\u00e9 un jour Arnaud THULY, renvoie aujourd\u2019hui dans le langage courant \u00e0 toutes les disciplines ne rentrant pas dans le cadre des connaissances dites \u00ab\u00a0admises\u00a0\u00bb et\/ou \u00ab\u00a0scientifiques\u00a0\u00bb. C\u2019est donc un domaine particuli\u00e8rement riche bien que m\u00e9connu, souvent mal ou peu compris que nous avons la volont\u00e9 d\u2019ouvrir et de faire d\u00e9couvrir \u00e0 tous, avec joie et bonne humeur.<br \/>\n[\/et_pb_text][\/et_pb_column][et_pb_column type=\u00a0\u00bb1_2&Prime; _builder_version=\u00a0\u00bb3.0.47&Prime; parallax=\u00a0\u00bboff\u00a0\u00bb parallax_method=\u00a0\u00bbon\u00a0\u00bb][et_pb_image src=\u00a0\u00bbhttp:\/\/source-originel.fr\/wp-content\/uploads\/2018\/06\/IMG_2394.jpg\u00a0\u00bb admin_label=\u00a0\u00bbImage\u00a0\u00bb _builder_version=\u00a0\u00bb3.6&Prime; animation_style=\u00a0\u00bbslide\u00a0\u00bb animation_direction=\u00a0\u00bbleft\u00a0\u00bb animation_duration=\u00a0\u00bb500ms\u00a0\u00bb animation_intensity_slide=\u00a0\u00bb10%\u00a0\u00bb][\/et_pb_image][\/et_pb_column][\/et_pb_row][\/et_pb_section]<\/p>\n","protected":false},"excerpt":{"rendered":"<p>[et_pb_section fb_built=\u00a0\u00bb1&Prime; admin_label=\u00a0\u00bbsection\u00a0\u00bb _builder_version=\u00a0\u00bb3.0.47&Prime;][et_pb_row admin_label=\u00a0\u00bbLigne\u00a0\u00bb _builder_version=\u00a0\u00bb3.0.47&Prime; background_size=\u00a0\u00bbinitial\u00a0\u00bb background_position=\u00a0\u00bbtop_left\u00a0\u00bb background_repeat=\u00a0\u00bbrepeat\u00a0\u00bb][et_pb_column type=\u00a0\u00bb1_2&Prime; _builder_version=\u00a0\u00bb3.0.47&Prime; parallax=\u00a0\u00bboff\u00a0\u00bb parallax_method=\u00a0\u00bbon\u00a0\u00bb][et_pb_text admin_label=\u00a0\u00bbTexte\u00a0\u00bb _builder_version=\u00a0\u00bb3.0.74&Prime; text_text_color=\u00a0\u00bb#5d8092&Prime; text_font_size=\u00a0\u00bb26&Prime; header_font=\u00a0\u00bbVerdana||||\u00a0\u00bb header_text_color=\u00a0\u00bb#5d8092&Prime; background_size=\u00a0\u00bbinitial\u00a0\u00bb background_position=\u00a0\u00bbtop_left\u00a0\u00bb background_repeat=\u00a0\u00bbrepeat\u00a0\u00bb]&nbsp; \u0298rigiNel, La Source de Lettre ! [\/et_pb_text][et_pb_text admin_label=\u00a0\u00bbTexte\u00a0\u00bb _builder_version=\u00a0\u00bb3.0.74&Prime; text_font=\u00a0\u00bbVerdana||||\u00a0\u00bb text_text_color=\u00a0\u00bb#000000&Prime; header_font=\u00a0\u00bbVerdana||||\u00a0\u00bb background_size=\u00a0\u00bbinitial\u00a0\u00bb background_position=\u00a0\u00bbtop_left\u00a0\u00bb background_repeat=\u00a0\u00bbrepeat\u00a0\u00bb] Ce projet, au d\u00e9part, c\u2019est une id\u00e9e tenace que j\u2019ai eu, moi Virginie REGNAULT, 39 ans au jour [&hellip;]<\/p>\n","protected":false},"author":1,"featured_media":0,"parent":0,"menu_order":0,"comment_status":"closed","ping_status":"closed","template":"","meta":{"_et_pb_use_builder":"on","_et_pb_old_content":"","_et_gb_content_width":"","_mc_calendar":[]},"_links":{"self":[{"href":"http:\/\/source-originel.fr\/index.php\/wp-json\/wp\/v2\/pages\/137"}],"collection":[{"href":"http:\/\/source-originel.fr\/index.php\/wp-json\/wp\/v2\/pages"}],"about":[{"href":"http:\/\/source-originel.fr\/index.php\/wp-json\/wp\/v2\/types\/page"}],"author":[{"embeddable":true,"href":"http:\/\/source-originel.fr\/index.php\/wp-json\/wp\/v2\/users\/1"}],"replies":[{"embeddable":true,"href":"http:\/\/source-originel.fr\/index.php\/wp-json\/wp\/v2\/comments?post=137"}],"version-history":[{"count":28,"href":"http:\/\/source-originel.fr\/index.php\/wp-json\/wp\/v2\/pages\/137\/revisions"}],"predecessor-version":[{"id":1210,"href":"http:\/\/source-originel.fr\/index.php\/wp-json\/wp\/v2\/pages\/137\/revisions\/1210"}],"wp:attachment":[{"href":"http:\/\/source-originel.fr\/index.php\/wp-json\/wp\/v2\/media?parent=137"}],"curies":[{"name":"wp","href":"https:\/\/api.w.org\/{rel}","templated":true}]}}